{"id":78,"date":"2020-12-07T15:48:23","date_gmt":"2020-12-07T15:48:23","guid":{"rendered":"https:\/\/naturheilpraxis-allensbach.de\/?page_id=78"},"modified":"2021-01-02T12:17:15","modified_gmt":"2021-01-02T12:17:15","slug":"datenschutz","status":"publish","type":"page","link":"https:\/\/naturheilpraxis-allensbach.de\/?page_id=78","title":{"rendered":"Datenschutz"},"content":{"rendered":"\n<p>Informationen \u00fcber die Erhebung personenbezogener Daten<\/p>\n\n\n\n<p>auf unserer Webseite<\/p>\n\n\n\n<p>Sehr geehrter Besucher unserer Webseite,<\/p>\n\n\n\n<p>wir m\u00f6chten Sie dar\u00fcber informieren, dass beim Besuch unserer Webseite personenbezogene Daten erhoben werden. Personenbezogen sind Daten, die auf Sie pers\u00f6nlich beziehbar sind (z. B. Name, E-Mail, Nutzerverhalten).<\/p>\n\n\n\n<p>Verantwortlich f\u00fcr die Erhebung und Speicherung der Daten ist HP Michelle Pleimes, erreichbar unter ihrer Praxisanschrift, E-Mail Mailadresse und Telefonnummer. (siehe Impressum )<\/p>\n\n\n\n<p>Unserer Webseite dient ausschlie\u00dflich der Bereitstellung von Informationen \u00fcber unsere Praxis, unser Behandlungsspektrum und therapeutische M\u00f6glichkeiten bei verschiedenen Erkrankungen. Beim Besuch unserer Webseite werden nur die Daten erhoben, die von Ihrem Browser an unseren Server \u00fcbermittelt werden. Diese Daten sind notwendig, damit Sie unsere Webseite angezeigt bekommen und auf ihr navigieren k\u00f6nnen. Rechtsgrundlage f\u00fcr die Erhebung der Daten ist Art. 6 Abs. 1 f) EU-Datenschutz-Grundverordnung. Im Einzelnen werden folgende Daten beim Besuch unserer Webseite erhoben:<\/p>\n\n\n\n<p>IP-Adresse<\/p>\n\n\n\n<p>Art des Browsers, sowie dessen Sprache und Version<\/p>\n\n\n\n<p>Betriebssystem<\/p>\n\n\n\n<p>Zugriffstatus\/http-Statuscode<\/p>\n\n\n\n<p>Datum und Uhrzeit der Anfrage, sowie die Zeitzone<\/p>\n\n\n\n<p>Inhalt der Anforderung und Webseite von der sie kommt<\/p>\n\n\n\n<p>\u00dcbertragene Datenmenge<\/p>\n\n\n\n<p>Die L\u00f6schung dieser Daten erfolgt, wenn diese nicht mehr erforderlich sind.<\/p>\n\n\n\n<p>Ihre Rechte<\/p>\n\n\n\n<p>Sie haben uns gegen\u00fcber folgende Rechte, hinsichtlich der bei uns \u00fcber Sie gespeicherten Daten:<\/p>\n\n\n\n<p>Recht auf Berichtigung und L\u00f6schung<\/p>\n\n\n\n<p>Recht auf Auskunft<\/p>\n\n\n\n<p>Recht auf Einschr\u00e4nkung der Verarbeitung<\/p>\n\n\n\n<p>Recht auf Daten\u00fcbertragbarkeit<\/p>\n\n\n\n<p>Recht auf Widerspruch gegen die Verarbeitung<\/p>\n\n\n\n<p>Ihnen steht weiterhin ein Beschwerderecht beim Landesbeauftragten f\u00fcr den Datenschutz und die Informationsfreiheit in Baden-W\u00fcrttemberg zu.<\/p>\n\n\n\n<p>Cookies<\/p>\n\n\n\n<p>Zus\u00e4tzlich zu diesen Daten nutzen wir \u00fcber unsere Webseite auch Cookies. Dies sind kleine Textprogramme, die nach Besuch unserer Webseite auf Ihrem Rechner (in Ihrem Browser) gespeichert werden. Sollten Sie unsere Webseite danach erneut besuchen, so sendet der von Ihnen genutzte Browser die in dem Cookie gespeicherten Informationen an unsere Webseite und kann Ihnen so bspw. die Navigation erleichtern, weil Voreinstellungen \u00fcbernommen werden. Cookies sind keine Viren und k\u00f6nnen auch keine Schadsoftware auf dem Computer installieren. Sie sind nur kurze Texte, die zwischen Webserver und Browser ausgetauscht werden. Auf unserer Webseite werden folgende Arten von Cookies verwendet:<\/p>\n\n\n\n<p>Transiente Cookies (tempor\u00e4re Cookies)<\/p>\n\n\n\n<p>Diese Cookies werden nur f\u00fcr den Zeitraum der Nutzung Ihres Browsers gespeichert. Diese speichern eine sogenannte Session-ID, mit welcher sich verschiedene Anfragen Ihres Browsers der gemeinsamen Sitzung zuordnen lassen. Dadurch kann Ihr Rechner wiedererkannt werden, wenn Sie auf die Webseite zur\u00fcckkehren. Sobald Sie den Browser schlie\u00dfen, werden auch diese Cookies automatisch gel\u00f6scht.<\/p>\n\n\n\n<p>Persistente Cookies (zeitlich beschr\u00e4nkte Cookies)<\/p>\n\n\n\n<p>Diese Cookies unterscheiden sich von den Transienten Cookies lediglich dadurch, dass sie beim Schlie\u00dfen des Browsers nicht automatisch gel\u00f6scht werden, sondern erst nach einer voreingestellten Zeit. Sie k\u00f6nnen diese Cookies jedoch jederzeit \u00fcber die Einstellungen Ihres Browsers l\u00f6schen.<\/p>\n\n\n\n<p>Grunds\u00e4tzlich k\u00f6nnen Sie die Einstellungen Ihres Browsers so konfigurieren, dass Cookies gar nicht oder nur eingeschr\u00e4nkt von diesem angenommen und gespeichert werden. Wenn Sie von dieser M\u00f6glichkeit Gebrauch machen, kann es jedoch zu Einschr\u00e4nkungen bei der Nutzbarkeit unserer Webseite kommen.<\/p>\n\n\n\n<p>Kontaktformular<\/p>\n\n\n\n<p>Wenn Sie uns per Kontaktformular Terminw\u00fcnsche oder Anfragen zukommen lassen, werden die von Ihnen mitgeteilten Daten (E-Mail-Adresse, Name, Telefonnummer) gespeichert, um Ihre Fragen beantworten zu k\u00f6nnen. Diese Daten werden gel\u00f6scht, sobald sie nicht mehr ben\u00f6tigt werden und keine gesetzlichen Aufbewahrungspflichten bestehen. Dritten werden diese Daten nicht zug\u00e4nglich gemacht.<\/p>\n\n\n\n<p>Google Analytics<\/p>\n\n\n\n<p>Wir nutzen auf unserer Webseite Google Analytics. Google Analytics ist ein Webanalysedienst der Google Inc.. Google verwendet Cookies. Die mittels Cookies erzeugten Informationen \u00fcber die Nutzung der Webseite werden in der Regel an einen Server von Google in den USA \u00fcbertragen und dort gespeichert.<\/p>\n\n\n\n<p>Google nutzt diese Informationen in unserem Auftrag, um die Nutzung unseres Onlineangebotes auszuwerten und um weitere mit der Nutzung dieses Onlineangebotes und der Internetnutzung verbundene Dienstleistungen uns gegen\u00fcber zu erbringen.<\/p>\n\n\n\n<p>Wir haben Google Analytics um den Code \u201eanonymizeIP\u201c erweitert. Das bedeutet, die IP-Adresse der Nutzer wird von Google innerhalb von Mitgliedstaaten der Europ\u00e4ischen Union oder in anderen Vertragsstaaten des Abkommens \u00fcber den Europ\u00e4ischen Wirtschaftsraum gek\u00fcrzt. In Ausnahmef\u00e4llen wird die volle IP-Adresse an einen Server von Google in den USA \u00fcbertragen und dort gek\u00fcrzt. Durch die Code-Erweiterung \u201eanonymizeIp\u201c werden die letzten 8bit der IP-Adresse der Nutzer gekappt. Durch den Einsatz dieses Codes ist nur noch eine grobe Lokalisierung der Nutzer m\u00f6glich. Die von dem Browser des Nutzers \u00fcbermittelte IP-Adresse wird nicht mit anderen Daten von Google zusammengef\u00fchrt.<\/p>\n\n\n\n<p>Die Speicherung der Cookies k\u00f6nnen Sie durch eine entsprechende Einstellung Ihrer Browser-Software verhindern. Eventuell k\u00f6nnen dann nicht s\u00e4mtliche Funktionen der Webseite vollumf\u00e4nglich genutzt werden.<\/p>\n\n\n\n<p>Au\u00dferdem k\u00f6nnen Sie die Erfassung der durch das Cookie erzeugten und auf Ihre Nutzung des Onlineangebotes bezogenen Daten an Google sowie die Verarbeitung dieser Daten durch Google verhindern, indem Sie das unter dem folgenden Link verf\u00fcgbare Browser-Plugin herunterladen und installieren: http:\/\/tools.google.com\/dlpage\/gaoptout?hl=de.<\/p>\n\n\n\n<p>M\u00f6glich ist auch das Setzen eines Opt-Out-Cookies, das die zuk\u00fcnftige Erfassung Ihrer Daten beim Besuch unserer Webseite verhindert. Hinweise zur Einbindung eines Opt-Out-Cookies finden Sie unter: http:\/\/developers.google.com\/analytics\/devguides\/collection\/gajs\/?hl=de#disable.<\/p>\n\n\n\n<p>Weitere Informationen zur Datennutzung durch Google, Einstellungen und Widerspruchs-m\u00f6glichkeiten erhalten Sie auf den Webseiten von Google: https:\/\/www.google.com\/intl\/de\/policies\/privacy\/partners\/(\u201eDatennutzung durch Google bei Ihrer Nutzung von Webseiten oder Apps unserer Partner\u201c), http:\/\/www.google.com\/policies\/technologies\/ads(\u201eWerbung\u201c).<\/p>\n\n\n\n<p>Google Maps<\/p>\n\n\n\n<p>Unsere Webseite benutzt Google Maps zur Darstellung von Karten und zur Erstellung von Anfahrtspl\u00e4nen.<\/p>\n\n\n\n<p>Google Maps wird von Google Inc., 1600 Amphitheatre Parkway, Mountain View, CA 94043, USA betrieben.<\/p>\n\n\n\n<p>Durch den Besuch auf der Webseite erh\u00e4lt Google Informationen dar\u00fcber, dass Sie die entsprechende Seite unseres Webauftrittes aufgerufen haben. Dies erfolgt auch unabh\u00e4ngig davon, ob Sie ein Nutzerkonto bei Google haben oder \u00fcber dieses eingeloggt sind. F\u00fcr den Fall, dass Sie w\u00e4hrend der Nutzung der Webseite \u00fcber ein Nutzerkonto von Google eingeloggt sind, werden die Daten direkt Ihrem Benutzerkonto zugeordnet. Wenn Sie dies nicht w\u00fcnschen, so m\u00fcssen Sie sich vor Nutzung des Dienstes ausloggen.<\/p>\n\n\n\n<p>Durch die Nutzung von Google Maps erkl\u00e4ren Sie sich mit der Erfassung, Bearbeitung sowie der Nutzung der automatisch erhobenen sowie der von Ihnen eingegeben Daten durch Google und ggf. von Drittanbieter einverstanden. Die Nutzungsbedingungen f\u00fcr Google Maps finden Sie unter Nutzungsbedingungen f\u00fcr Google Maps. Ausf\u00fchrliche Details finden Sie unter google.de: Transparenz und Wahlm\u00f6glichkeitensowie Datenschutzbestimmungen. Das Ihnen zustehende Widerspruchsrecht m\u00fcssen Sie direkt gegen\u00fcber Google aus\u00fcben. \u00dcber Ihre Browsereinstellungen k\u00f6nnen Sie den Google Maps-Dienst deaktivieren (Deaktivierung des JavaScripts im Browser). Eine Nutzung ist dann nicht mehr m\u00f6glich.<\/p>\n","protected":false},"excerpt":{"rendered":"<p>Informationen \u00fcber die Erhebung personenbezogener Daten auf unserer Webseite Sehr geehrter Besucher unserer Webseite, wir m\u00f6chten Sie dar\u00fcber informieren, dass beim Besuch unserer Webseite personenbezogene Daten erhoben werden. Personenbezogen sind Daten, die auf Sie pers\u00f6nlich beziehbar sind (z. B. Name, E-Mail, Nutzerverhalten). Verantwortlich f\u00fcr die Erhebung und Speicherung der Daten ist HP Michelle Pleimes, erreichbar [&hellip;]<\/p>\n","protected":false},"author":1,"featured_media":0,"parent":0,"menu_order":0,"comment_status":"closed","ping_status":"closed","template":"","meta":[],"_links":{"self":[{"href":"https:\/\/naturheilpraxis-allensbach.de\/index.php?rest_route=\/wp\/v2\/pages\/78"}],"collection":[{"href":"https:\/\/naturheilpraxis-allensbach.de\/index.php?rest_route=\/wp\/v2\/pages"}],"about":[{"href":"https:\/\/naturheilpraxis-allensbach.de\/index.php?rest_route=\/wp\/v2\/types\/page"}],"author":[{"embeddable":true,"href":"https:\/\/naturheilpraxis-allensbach.de\/index.php?rest_route=\/wp\/v2\/users\/1"}],"replies":[{"embeddable":true,"href":"https:\/\/naturheilpraxis-allensbach.de\/index.php?rest_route=%2Fwp%2Fv2%2Fcomments&post=78"}],"version-history":[{"count":2,"href":"https:\/\/naturheilpraxis-allensbach.de\/index.php?rest_route=\/wp\/v2\/pages\/78\/revisions"}],"predecessor-version":[{"id":115,"href":"https:\/\/naturheilpraxis-allensbach.de\/index.php?rest_route=\/wp\/v2\/pages\/78\/revisions\/115"}],"wp:attachment":[{"href":"https:\/\/naturheilpraxis-allensbach.de\/index.php?rest_route=%2Fwp%2Fv2%2Fmedia&parent=78"}],"curies":[{"name":"wp","href":"https:\/\/api.w.org\/{rel}","templated":true}]}}