{"id":44,"date":"2020-12-07T15:37:24","date_gmt":"2020-12-07T15:37:24","guid":{"rendered":"https:\/\/naturheilpraxis-allensbach.de\/?page_id=44"},"modified":"2021-01-02T12:19:10","modified_gmt":"2021-01-02T12:19:10","slug":"entgiften-saeure-basenberatung","status":"publish","type":"page","link":"https:\/\/naturheilpraxis-allensbach.de\/?page_id=44","title":{"rendered":"Entgiften, S\u00e4ure-Basenberatung"},"content":{"rendered":"\n<p>Fr\u00fchjahrsputz f\u00fcr K\u00f6rper, Geist und Seele!<\/p>\n\n\n\n<p><em>Entschlacken\/Entgiften und sich schlank, gesund , fit und wohl f\u00fchlen<\/em><\/p>\n\n\n\n<p>Sie w\u00fcrden sich gerne etwas Gutes tun, wissen aber nicht wie Sie Ihren K\u00f6rper effektiv und gesund entgiften, oder haben keine Zeit sich das n\u00f6tige Wissen anzueignen?<\/p>\n\n\n\n<p>Ich habe einen unkomplizierten 2 Wochen Plan f\u00fcr Sie zusammengestellt, mit allen wichtigen Informationen, zus\u00e4tzlich unterst\u00fctzender Hom\u00f6opathie, Pflanzenheilkunde, Entspannungs\u00fcbungen und Rezepten. Ich berate Sie selbstverst\u00e4nlich pers\u00f6nlich.<\/p>\n\n\n\n<p>Ents\u00e4uern und Entschlacken des K\u00f6rpers<\/p>\n\n\n\n<p>Sich schlank, gesund, jung und wohl f\u00fchlen<\/p>\n\n\n\n<p>Ein ausgeglichener S\u00e4ure-Basenhaushalt im K\u00f6rper ist f\u00fcr ein gesundes, vitales Leben unerl\u00e4sslich. \u00dcber das Verh\u00e4ltnis der S\u00e4uren und Basen gibt der pH-Wert Aufschluss. Die Skala von 1 bis 14 zeigt an, ob ein Milieu sauer oder basisch ist, wobei 7 als neutral ( Wasser ) gilt, alles darunter als sauer, und dar\u00fcber als basisch. Der pH-Wert im Blut sollte zwischen 7,35 und 7,45 betragen, liegt also im leicht basischen Bereich. Verschiebungen diese Wertes k\u00f6nnen erhebliche gesundheitliche St\u00f6rungen zur Folge haben, daher verf\u00fcgt der K\u00f6rper \u00fcber verschiedene Puffersysteme um diesen Wert konstant zu halten.<\/p>\n\n\n\n<p>Durch anhaltend falsche Ern\u00e4hrung, Bewegungsmangel und nicht zuletzt Stress k\u00f6nnen sich die Puffersysteme ersch\u00f6pfen, und der K\u00f6rper \u00fcbers\u00e4uert. Unspezifische Symptome k\u00f6nnen auftreten, von Kopfschmerzen, \u00dcbelkeit bis hin zu Ver\u00e4nderungen an Haut und Haaren. Um den pH-Wert des Blutes aufrecht zu erhalten, werden die anfallenden S\u00e4uren als sog. Schlacken aus dem Blut in das Bindegewebe und die Gelenke verschoben und dort als &#8222;M\u00fcll &#8220; eingelagert. M\u00fcdigkeit, Abgeschlagenheit und auf der k\u00f6rperlichen Ebene \u00dcbergewicht, Cellulitis, Gicht und rheumatische Beschwerden k\u00f6nnen entstehen, da die Zellen nicht mehr ausreichend versorgt werden bzw. ihre Abfallprodukte nicht mehr abgeben k\u00f6nnen . Dies kann z.B. Falten und Altersflecken beg\u00fcnstigen.<\/p>\n\n\n\n<p>Eine Ents\u00e4uerungskur bedeutet, eine gewisse Zeit weitestgehend auf s\u00e4urebildende Lebensmittel zu verzichten, und sich basisch zu ern\u00e4hren um dem K\u00f6rper die Gelegenheit zu geben, vorhandene Schlacken abzubauen und auszuscheiden. Ausserdem geh\u00f6rt Bewegung an der frischen Luft unbedingt dazu, da der K\u00f6rper auch \u00fcber die Atmung ents\u00e4uert.<\/p>\n\n\n\n<p>Das Ziel ist ein j\u00fcngeres, reineres Hautbild und eine Linderung von Gelenk- beschwerden , Gewichtsreduktion, mehr Vitalit\u00e4t und allgemeines Wohlbefinden.<\/p>\n","protected":false},"excerpt":{"rendered":"<p>Fr\u00fchjahrsputz f\u00fcr K\u00f6rper, Geist und Seele! Entschlacken\/Entgiften und sich schlank, gesund , fit und wohl f\u00fchlen Sie w\u00fcrden sich gerne etwas Gutes tun, wissen aber nicht wie Sie Ihren K\u00f6rper effektiv und gesund entgiften, oder haben keine Zeit sich das n\u00f6tige Wissen anzueignen? Ich habe einen unkomplizierten 2 Wochen Plan f\u00fcr Sie zusammengestellt, mit allen [&hellip;]<\/p>\n","protected":false},"author":1,"featured_media":0,"parent":0,"menu_order":0,"comment_status":"closed","ping_status":"closed","template":"","meta":[],"_links":{"self":[{"href":"https:\/\/naturheilpraxis-allensbach.de\/index.php?rest_route=\/wp\/v2\/pages\/44"}],"collection":[{"href":"https:\/\/naturheilpraxis-allensbach.de\/index.php?rest_route=\/wp\/v2\/pages"}],"about":[{"href":"https:\/\/naturheilpraxis-allensbach.de\/index.php?rest_route=\/wp\/v2\/types\/page"}],"author":[{"embeddable":true,"href":"https:\/\/naturheilpraxis-allensbach.de\/index.php?rest_route=\/wp\/v2\/users\/1"}],"replies":[{"embeddable":true,"href":"https:\/\/naturheilpraxis-allensbach.de\/index.php?rest_route=%2Fwp%2Fv2%2Fcomments&post=44"}],"version-history":[{"count":2,"href":"https:\/\/naturheilpraxis-allensbach.de\/index.php?rest_route=\/wp\/v2\/pages\/44\/revisions"}],"predecessor-version":[{"id":117,"href":"https:\/\/naturheilpraxis-allensbach.de\/index.php?rest_route=\/wp\/v2\/pages\/44\/revisions\/117"}],"wp:attachment":[{"href":"https:\/\/naturheilpraxis-allensbach.de\/index.php?rest_route=%2Fwp%2Fv2%2Fmedia&parent=44"}],"curies":[{"name":"wp","href":"https:\/\/api.w.org\/{rel}","templated":true}]}}