{"id":36,"date":"2020-12-07T15:35:30","date_gmt":"2020-12-07T15:35:30","guid":{"rendered":"https:\/\/naturheilpraxis-allensbach.de\/?page_id=36"},"modified":"2025-02-02T09:39:42","modified_gmt":"2025-02-02T09:39:42","slug":"energetisches-heilen","status":"publish","type":"page","link":"https:\/\/naturheilpraxis-allensbach.de\/?page_id=36","title":{"rendered":"Energetisches Heilen \/ Ausbildung energetisches Heilen"},"content":{"rendered":"\n<p>Energetisches Heilen\/ Ausbildung<\/p>\n\n\n\n<p>Therapie:<\/p>\n\n\n\n<p>Diese uralte Heilmethode aus Indien arbeitet mit den Energiezentren ( Chakren) des K\u00f6rpers. Durch sanfte Ber\u00fchrungen werden diese aktiviert und die Selbstheilungskr\u00e4fte stimuliert. So kann eine Heilung, egal von welcher Beschwerde, angeregt und unterst\u00fctzt werden.<\/p>\n\n\n\n<p>Sie d\u00fcrfen sich dabei zu meditativer Musik auf der Behandlungsliege entspannen und Ihren K\u00f6rper sein Gleichgewicht finden lassen.<\/p>\n\n\n\n<p>3 aufeinander abgestimmte Behandlungen a 50 Euro <\/p>\n\n\n\n<p>Ausbildung Energetisches Heilen<\/p>\n\n\n\n<p>Sie k\u00f6nnen bei mir auch die Ausbildung \u201eEnergetisches Heilen\u201c absolvieren . Dieser Kurs ist f\u00fcr alle frei zug\u00e4nglich d.h. jeder darf diese Art der Behandlung durchf\u00fchren.<\/p>\n\n\n\n<p>Ich informiere Sie gerne .<\/p>\n\n\n\n<p>3 x circa 4 Stunden einzeln oder in der Gruppe , 290 Euro insgesamt, inkl Skript .<\/p>\n","protected":false},"excerpt":{"rendered":"<p>Energetisches Heilen\/ Ausbildung Therapie: Diese uralte Heilmethode aus Indien arbeitet mit den Energiezentren ( Chakren) des K\u00f6rpers. Durch sanfte Ber\u00fchrungen werden diese aktiviert und die Selbstheilungskr\u00e4fte stimuliert. So kann eine Heilung, egal von welcher Beschwerde, angeregt und unterst\u00fctzt werden. Sie d\u00fcrfen sich dabei zu meditativer Musik auf der Behandlungsliege entspannen und Ihren K\u00f6rper sein Gleichgewicht [&hellip;]<\/p>\n","protected":false},"author":1,"featured_media":0,"parent":0,"menu_order":0,"comment_status":"closed","ping_status":"closed","template":"","meta":[],"_links":{"self":[{"href":"https:\/\/naturheilpraxis-allensbach.de\/index.php?rest_route=\/wp\/v2\/pages\/36"}],"collection":[{"href":"https:\/\/naturheilpraxis-allensbach.de\/index.php?rest_route=\/wp\/v2\/pages"}],"about":[{"href":"https:\/\/naturheilpraxis-allensbach.de\/index.php?rest_route=\/wp\/v2\/types\/page"}],"author":[{"embeddable":true,"href":"https:\/\/naturheilpraxis-allensbach.de\/index.php?rest_route=\/wp\/v2\/users\/1"}],"replies":[{"embeddable":true,"href":"https:\/\/naturheilpraxis-allensbach.de\/index.php?rest_route=%2Fwp%2Fv2%2Fcomments&post=36"}],"version-history":[{"count":6,"href":"https:\/\/naturheilpraxis-allensbach.de\/index.php?rest_route=\/wp\/v2\/pages\/36\/revisions"}],"predecessor-version":[{"id":222,"href":"https:\/\/naturheilpraxis-allensbach.de\/index.php?rest_route=\/wp\/v2\/pages\/36\/revisions\/222"}],"wp:attachment":[{"href":"https:\/\/naturheilpraxis-allensbach.de\/index.php?rest_route=%2Fwp%2Fv2%2Fmedia&parent=36"}],"curies":[{"name":"wp","href":"https:\/\/api.w.org\/{rel}","templated":true}]}}