{"id":34,"date":"2020-12-07T15:34:16","date_gmt":"2020-12-07T15:34:16","guid":{"rendered":"https:\/\/naturheilpraxis-allensbach.de\/?page_id=34"},"modified":"2020-12-07T18:48:15","modified_gmt":"2020-12-07T18:48:15","slug":"bachblueten","status":"publish","type":"page","link":"https:\/\/naturheilpraxis-allensbach.de\/?page_id=34","title":{"rendered":"Bachbl\u00fcten"},"content":{"rendered":"\n<p>Bachbl\u00fctentherapie\u00a0\u00a0<br>Bachbl\u00fcten werden zur sanften aber effektiven Behandlung psychischer Beschwerden &#8211; egal ob Angstzust\u00e4nde, Hyperaktivit\u00e4t, depressive Verstimmungen, Schlafst\u00f6rungen und vieles mehr &#8211; hilfreich eingesetzt.\u00a0<br>In einem circa 1\/2 st\u00fcndigen Gespr\u00e4ch werde ich die f\u00fcr Sie momentan passendsten Bachbl\u00fcten herausfinden.\u00a0<br>Kosten : 60 Euro einschlie\u00dflich Betreuung und\u00a0\u00a0Nachbesprechung w\u00e4hrend der circa 6 w\u00f6chigen Behandlungsdauer<\/p>\n","protected":false},"excerpt":{"rendered":"<p>Bachbl\u00fctentherapie\u00a0\u00a0Bachbl\u00fcten werden zur sanften aber effektiven Behandlung psychischer Beschwerden &#8211; egal ob Angstzust\u00e4nde, Hyperaktivit\u00e4t, depressive Verstimmungen, Schlafst\u00f6rungen und vieles mehr &#8211; hilfreich eingesetzt.\u00a0In einem circa 1\/2 st\u00fcndigen Gespr\u00e4ch werde ich die f\u00fcr Sie momentan passendsten Bachbl\u00fcten herausfinden.\u00a0Kosten : 60 Euro einschlie\u00dflich Betreuung und\u00a0\u00a0Nachbesprechung w\u00e4hrend der circa 6 w\u00f6chigen Behandlungsdauer<\/p>\n","protected":false},"author":1,"featured_media":0,"parent":0,"menu_order":0,"comment_status":"closed","ping_status":"closed","template":"","meta":[],"_links":{"self":[{"href":"https:\/\/naturheilpraxis-allensbach.de\/index.php?rest_route=\/wp\/v2\/pages\/34"}],"collection":[{"href":"https:\/\/naturheilpraxis-allensbach.de\/index.php?rest_route=\/wp\/v2\/pages"}],"about":[{"href":"https:\/\/naturheilpraxis-allensbach.de\/index.php?rest_route=\/wp\/v2\/types\/page"}],"author":[{"embeddable":true,"href":"https:\/\/naturheilpraxis-allensbach.de\/index.php?rest_route=\/wp\/v2\/users\/1"}],"replies":[{"embeddable":true,"href":"https:\/\/naturheilpraxis-allensbach.de\/index.php?rest_route=%2Fwp%2Fv2%2Fcomments&post=34"}],"version-history":[{"count":3,"href":"https:\/\/naturheilpraxis-allensbach.de\/index.php?rest_route=\/wp\/v2\/pages\/34\/revisions"}],"predecessor-version":[{"id":108,"href":"https:\/\/naturheilpraxis-allensbach.de\/index.php?rest_route=\/wp\/v2\/pages\/34\/revisions\/108"}],"wp:attachment":[{"href":"https:\/\/naturheilpraxis-allensbach.de\/index.php?rest_route=%2Fwp%2Fv2%2Fmedia&parent=34"}],"curies":[{"name":"wp","href":"https:\/\/api.w.org\/{rel}","templated":true}]}}