{"id":122,"date":"2021-01-02T12:25:31","date_gmt":"2021-01-02T12:25:31","guid":{"rendered":"https:\/\/naturheilpraxis-allensbach.de\/?page_id=122"},"modified":"2025-02-02T09:08:05","modified_gmt":"2025-02-02T09:08:05","slug":"pmr-stressbewaeltigung-2","status":"publish","type":"page","link":"https:\/\/naturheilpraxis-allensbach.de\/?page_id=122","title":{"rendered":"PMR Stressbew\u00e4ltigung"},"content":{"rendered":"\n<p>Stressbew\u00e4ltigung durch PMR<\/p>\n\n\n\n<p>Die Progressive Muskelentspannung, auch PMR genannt, nach Jacobson ist eine wissenschaftlich anerkannte Entspannungstechnik. Jacobsen , ein Arzt im 19. Jahrhundert , entwickelte diese hocheffektive und leicht zu erlernende Entspannungstechnik , bei der durch die bewusste Abwechslung von An,- und Entspannung verschiedener Muskelgruppen in Armen, Beinen, Kopf und Rumpf eine Entspannungsreaktion im K\u00f6rper ausgel\u00f6st wird. Der Anwender spannt aktiv und bewusst nach Anleitung unterschiedliche Muskelgruppen an und l\u00f6st die Anspannung. Der Unterschied zwischen Anspannung und Entspannung wird hierbei bewusst wahrgenommen. Eine Tiefenentspannung wird erzeugt. Ziel des Kurses ist es , sich und seinen K\u00f6rper schnell und in jeder Situation in diese Entspannung f\u00fchren zu k\u00f6nnen um Stress zu bew\u00e4ltigen und zu vermeiden.<\/p>\n\n\n\n<p>Mit diesem Kurs , eine Kombination aus sanfter Bewegung, Wohlf\u00fchl-Gedankenreisen und PMR k\u00f6nnen stressbedingte Beschwerden gemindert oder vermieden werden.<\/p>\n\n\n\n<p>4 Termine nach Wunsch oder in kleinen Gruppen (Termine bitte erfragen) , 79 Euro p.P.<\/p>\n\n\n\n<p>einzeln oder in der Gruppe inkl. Kursskript<\/p>\n","protected":false},"excerpt":{"rendered":"<p>Stressbew\u00e4ltigung durch PMR Die Progressive Muskelentspannung, auch PMR genannt, nach Jacobson ist eine wissenschaftlich anerkannte Entspannungstechnik. Jacobsen , ein Arzt im 19. Jahrhundert , entwickelte diese hocheffektive und leicht zu erlernende Entspannungstechnik , bei der durch die bewusste Abwechslung von An,- und Entspannung verschiedener Muskelgruppen in Armen, Beinen, Kopf und Rumpf eine Entspannungsreaktion im K\u00f6rper [&hellip;]<\/p>\n","protected":false},"author":1,"featured_media":0,"parent":0,"menu_order":0,"comment_status":"closed","ping_status":"closed","template":"","meta":[],"_links":{"self":[{"href":"https:\/\/naturheilpraxis-allensbach.de\/index.php?rest_route=\/wp\/v2\/pages\/122"}],"collection":[{"href":"https:\/\/naturheilpraxis-allensbach.de\/index.php?rest_route=\/wp\/v2\/pages"}],"about":[{"href":"https:\/\/naturheilpraxis-allensbach.de\/index.php?rest_route=\/wp\/v2\/types\/page"}],"author":[{"embeddable":true,"href":"https:\/\/naturheilpraxis-allensbach.de\/index.php?rest_route=\/wp\/v2\/users\/1"}],"replies":[{"embeddable":true,"href":"https:\/\/naturheilpraxis-allensbach.de\/index.php?rest_route=%2Fwp%2Fv2%2Fcomments&post=122"}],"version-history":[{"count":3,"href":"https:\/\/naturheilpraxis-allensbach.de\/index.php?rest_route=\/wp\/v2\/pages\/122\/revisions"}],"predecessor-version":[{"id":213,"href":"https:\/\/naturheilpraxis-allensbach.de\/index.php?rest_route=\/wp\/v2\/pages\/122\/revisions\/213"}],"wp:attachment":[{"href":"https:\/\/naturheilpraxis-allensbach.de\/index.php?rest_route=%2Fwp%2Fv2%2Fmedia&parent=122"}],"curies":[{"name":"wp","href":"https:\/\/api.w.org\/{rel}","templated":true}]}}